{"id":11041,"date":"2021-04-07T23:20:56","date_gmt":"2021-04-07T22:20:56","guid":{"rendered":"https:\/\/privatetaxirabat.com\/fr\/?page_id=11041"},"modified":"2021-09-30T22:08:57","modified_gmt":"2021-09-30T21:08:57","slug":"general-conditions-of-sales","status":"publish","type":"page","link":"https:\/\/privatetaxirabat.com\/fr\/general-conditions-of-sales\/","title":{"rendered":"Conditions g\u00e9n\u00e9rales de vente"},"content":{"rendered":"\t\t<div data-elementor-type=\"wp-page\" data-elementor-id=\"11041\" class=\"elementor elementor-11041\">\n\t\t\t\t\t\t<section class=\"elementor-section elementor-top-section elementor-element elementor-element-72102263 elementor-section-boxed elementor-section-height-default elementor-section-height-default\" data-id=\"72102263\" data-element_type=\"section\">\n\t\t\t\t\t\t<div class=\"elementor-container elementor-column-gap-default\">\n\t\t\t\t\t<div class=\"elementor-column elementor-col-100 elementor-top-column elementor-element elementor-element-4d04251\" data-id=\"4d04251\" data-element_type=\"column\">\n\t\t\t<div class=\"elementor-widget-wrap elementor-element-populated\">\n\t\t\t\t\t\t<div class=\"elementor-element elementor-element-e55c1d8 elementor-widget elementor-widget-text-editor\" data-id=\"e55c1d8\" data-element_type=\"widget\" data-widget_type=\"text-editor.default\">\n\t\t\t\t<div class=\"elementor-widget-container\">\n\t\t\t\t\t\t\t\t\t<p><strong>Preuve des transactions pay\u00e9es par carte de cr\u00e9dit<\/strong><br \/>Les donn\u00e9es enregistr\u00e9es par le CMI sur la plateforme de paiement Multicanal pour le compte de Taxi Priv\u00e9<br \/>Rabat constitue la preuve de toutes les transactions commerciales entre vous et Taxi Priv\u00e9 Rabat<br \/>Soci\u00e9t\u00e9.<br \/><strong>Mode de paiement<\/strong><br \/>Pour r\u00e9gler votre commande, vous choisissez l&rsquo;option de paiement parmi celles propos\u00e9es par Taxi Priv\u00e9 Rabat<br \/>sur sa page de paiement.<br \/>Dans ce cas, la transaction est remise pour d\u00e9bit de votre compte dans le jour suivant la<br \/>date de la confirmation de livraison.<br \/>Vos paiements en ligne sont enti\u00e8rement s\u00e9curis\u00e9s par le Centre Mon\u00e9tique Interbancaire (CMI)<br \/>qui offre un service de paiement enti\u00e8rement s\u00e9curis\u00e9.<br \/>Le Consommateur garantit \u00e0 la Soci\u00e9t\u00e9 Taxi Priv\u00e9 Rabat qu&rsquo;il dispose des<br \/>autorisations d&rsquo;utiliser le mode de paiement choisi par lui, lors de la validation du Bon de Commande.<br \/>En cas de paiement par carte bancaire, les dispositions relatives \u00e0 l&rsquo;utilisation frauduleuse des moyens de<br \/>paiement pr\u00e9vu dans les accords conclus entre le Consommateur et l&rsquo;\u00e9metteur de la carte<br \/>et entre la Soci\u00e9t\u00e9 Taxi Priv\u00e9 Rabat et ses \u00e9tablissements bancaires s&rsquo;appliquent.<br \/>Pr\u00e9ambule<br \/>Les conditions g\u00e9n\u00e9rales de vente suivantes r\u00e9gissent toutes les transactions \u00e9tablies sur le catalogue web de<br \/>Taxi Priv\u00e9 Rabat. A noter que, toute commande pass\u00e9e sur ce site suppose que le client<br \/>acceptation inconditionnelle et irr\u00e9vocable des conditions ci-dessous.<br \/><strong>Objet<\/strong><br \/>Le pr\u00e9sent contrat est un contrat \u00e0 distance qui vise \u00e0 d\u00e9finir les droits et obligations des parties<br \/>dans le cadre de la vente des prestations de la soci\u00e9t\u00e9 Private Taxi Rabat sur Internet,<br \/>via la plateforme s\u00e9curis\u00e9e de paiement en ligne du Centre Mon\u00e9taire Interbancaire.<br \/>Les conditions suivantes s&rsquo;appliquent \u00e0 tous les passagers utilisant nos services :<br \/>1. Le client s&rsquo;engage \u00e0 accepter les conditions g\u00e9n\u00e9rales de vente m\u00eame s&rsquo;il r\u00e9serve sa r\u00e9servation par<br \/>t\u00e9l\u00e9phone.<br \/>2. Nous nous r\u00e9servons le droit de commander un autre service dans notre gamme de services (voie publique<br \/>transport de personnes ou voiture de transport avec chauffeurs) ou de faire appel \u00e0 un sous-traitant, afin de<br \/>transporter nos clients jusqu&rsquo;\u00e0 leur destination, en prenant soin au pr\u00e9alable de les avertir des<br \/>situation et les informer de tout changement que cela implique au niveau r\u00e9glementaire. Les<br \/>le prix du taxi estim\u00e9 sera donc d\u00e9finitif et fix\u00e9 sur la base du mod\u00e8le l\u00e9gal, m\u00eame s&rsquo;il s&rsquo;agit d&rsquo;un<br \/>mise \u00e0 niveau dans nos gammes de services.<\/p><p>3. Une r\u00e9servation doit \u00eatre annul\u00e9e par t\u00e9l\u00e9phone ou par e-mail. L&rsquo;annulation doit nous parvenir au<br \/>au plus tard 24 heures avant la date du virement. Pass\u00e9 ce d\u00e9lai, nous pouvons \u00eatre amen\u00e9s \u00e0 facturer les<br \/>client pour le co\u00fbt estim\u00e9 de son transfert tel que calcul\u00e9 sur ce site et\/ou<br \/>indiqu\u00e9 dans les documents de r\u00e9servation. En cas de non-pr\u00e9sentation, le prix de la<br \/>voyage estim\u00e9 sera factur\u00e9.<br \/>4. Tous les bagages du client seront accept\u00e9s, y compris le sac de ski ou de snowboard, le sac de golf,<br \/>\u00e0 condition qu&rsquo;il y ait suffisamment d&rsquo;espace \u00e0 bord et que ceux-ci n&rsquo;endommagent pas le v\u00e9hicule dans<br \/>de quelque fa\u00e7on que ce soit, que ce soit par la salet\u00e9 ou des dommages permanents.<\/p><p>5. Nous ferons de notre mieux pour nous assurer que nos v\u00e9hicules arrivent \u00e0 l&rsquo;heure pour les rendez-vous pr\u00e9vus<br \/>et d\u00e9poser les clients \u00e0 temps \u00e0 leur destination. Cependant, nous refuserons tout<br \/>responsabilit\u00e9 en cas de retard d\u00fb \u00e0 des faits ext\u00e9rieurs ind\u00e9pendants de sa volont\u00e9 ou de son contr\u00f4le.<br \/>En effet, des faits ind\u00e9pendants de notre volont\u00e9 nous emp\u00eachent parfois d&rsquo;accomplir notre mission ; nous<br \/>\u00e9num\u00e9rez-en quelques-uns ci-dessous : Accidents de la route entra\u00eenant des ralentissements. Les accidents de la route bloquent tout<br \/>circulation. Conditions m\u00e9t\u00e9orologiques exceptionnelles. Contr\u00f4le de la police. Vandalisme et terrorisme.<br \/>Des embouteillages inattendus. Gr\u00e8ves ou manifestation bloquant la route. Probl\u00e8mes caus\u00e9s par<br \/>autres passagers. Non-respect de l&rsquo;heure de prise en charge par les clients. Tout fait pouvant affecter<br \/>la s\u00e9curit\u00e9 et l&rsquo;int\u00e9grit\u00e9 des autres passagers enfin, si ce retard est de notre faute et que vous manquez le<br \/>liaison avec vos autres moyens de transport, nous nous engageons \u00e0 vous d\u00e9dommager en vous proposant<br \/>vous un service d&rsquo;un montant \u00e9quivalent \u00e0 la course effectu\u00e9e.<\/p><p>6. Les transporteurs et taxis assurant les transferts sont tous titulaires d&rsquo;un permis de stationnement pour taxis, inscrit au<br \/>r\u00e9pertoire des transports de personnes et\/ou au registre des entreprises de transport avec chauffeurs.<br \/>Les v\u00e9hicules mis en place pour effectuer ces transferts sont enti\u00e8rement assur\u00e9s pour le transport de passagers,<br \/>comme l&rsquo;exige la loi marocaine.<br \/>7. Contrairement \u00e0 beaucoup de nos concurrents, les bagages de nos clients sont assur\u00e9s jusqu&rsquo;\u00e0 une certaine limite. M\u00eame si<br \/>nous prenons le plus grand soin de vos effets personnels, nous pr\u00e9f\u00e9rons ajouter cette garantie afin<br \/>pour vous rassurer dans vos d\u00e9placements.<\/p><p>8. Nous ne pouvons \u00eatre tenus responsables que des faits pr\u00e9visibles et raisonnables r\u00e9sultant directement d&rsquo;un<br \/>rupture du contrat.<br \/>9. Les pr\u00e9sentes conditions g\u00e9n\u00e9rales sont r\u00e9gies par la loi marocaine.<\/p><p>10. En cas de litige, le tribunal comp\u00e9tent est le Tribunal de Commerce de Rabat.<\/p><p>\u00a0<\/p><p>\u00a0<\/p>\t\t\t\t\t\t\t\t<\/div>\n\t\t\t\t<\/div>\n\t\t\t\t\t<\/div>\n\t\t<\/div>\n\t\t\t\t\t<\/div>\n\t\t<\/section>\n\t\t\t\t<\/div>\n\t\t","protected":false},"excerpt":{"rendered":"<p>Preuve des transactions pay\u00e9es par carte de cr\u00e9ditLes donn\u00e9es enregistr\u00e9es par le CMI sur la plateforme de paiement Multicanal pour le compte de Taxi Priv\u00e9Rabat constitue la preuve de toutes les transactions commerciales entre vous et Taxi Priv\u00e9 RabatSoci\u00e9t\u00e9.Mode de paiementPour r\u00e9gler votre commande, vous choisissez l&rsquo;option de paiement parmi celles propos\u00e9es par Taxi Priv\u00e9 [&hellip;]<\/p>\n","protected":false},"author":1,"featured_media":0,"parent":0,"menu_order":0,"comment_status":"closed","ping_status":"closed","template":"","meta":{"site-sidebar-layout":"default","site-content-layout":"","ast-site-content-layout":"default","site-content-style":"default","site-sidebar-style":"default","ast-global-header-display":"","ast-banner-title-visibility":"","ast-main-header-display":"","ast-hfb-above-header-display":"","ast-hfb-below-header-display":"","ast-hfb-mobile-header-display":"","site-post-title":"","ast-breadcrumbs-content":"","ast-featured-img":"","footer-sml-layout":"","theme-transparent-header-meta":"","adv-header-id-meta":"","stick-header-meta":"","header-above-stick-meta":"","header-main-stick-meta":"","header-below-stick-meta":"","astra-migrate-meta-layouts":"default","ast-page-background-enabled":"default","ast-page-background-meta":{"desktop":{"background-color":"","background-image":"","background-repeat":"repeat","background-position":"center center","background-size":"auto","background-attachment":"scroll","background-type":"","background-media":"","overlay-type":"","overlay-color":"","overlay-opacity":"","overlay-gradient":""},"tablet":{"background-color":"","background-image":"","background-repeat":"repeat","background-position":"center center","background-size":"auto","background-attachment":"scroll","background-type":"","background-media":"","overlay-type":"","overlay-color":"","overlay-opacity":"","overlay-gradient":""},"mobile":{"background-color":"","background-image":"","background-repeat":"repeat","background-position":"center center","background-size":"auto","background-attachment":"scroll","background-type":"","background-media":"","overlay-type":"","overlay-color":"","overlay-opacity":"","overlay-gradient":""}},"ast-content-background-meta":{"desktop":{"background-color":"var(--ast-global-color-5)","background-image":"","background-repeat":"repeat","background-position":"center center","background-size":"auto","background-attachment":"scroll","background-type":"","background-media":"","overlay-type":"","overlay-color":"","overlay-opacity":"","overlay-gradient":""},"tablet":{"background-color":"var(--ast-global-color-5)","background-image":"","background-repeat":"repeat","background-position":"center center","background-size":"auto","background-attachment":"scroll","background-type":"","background-media":"","overlay-type":"","overlay-color":"","overlay-opacity":"","overlay-gradient":""},"mobile":{"background-color":"var(--ast-global-color-5)","background-image":"","background-repeat":"repeat","background-position":"center center","background-size":"auto","background-attachment":"scroll","background-type":"","background-media":"","overlay-type":"","overlay-color":"","overlay-opacity":"","overlay-gradient":""}},"footnotes":""},"class_list":["post-11041","page","type-page","status-publish","hentry"],"yoast_head":"<!-- This site is optimized with the Yoast SEO plugin v25.7 - https:\/\/yoast.com\/wordpress\/plugins\/seo\/ -->\n<title>General conditions of sales<\/title>\n<meta name=\"description\" content=\"General conditions of sales\" \/>\n<meta name=\"robots\" content=\"noindex, nofollow\" \/>\n<meta property=\"og:locale\" content=\"fr_FR\" \/>\n<meta property=\"og:type\" content=\"article\" \/>\n<meta property=\"og:title\" content=\"General conditions of sales\" \/>\n<meta property=\"og:description\" content=\"General conditions of sales\" \/>\n<meta property=\"og:url\" content=\"https:\/\/privatetaxirabat.com\/fr\/general-conditions-of-sales\/\" \/>\n<meta property=\"og:site_name\" content=\"Private Taxi Rabat - Circuits et transports priv\u00e9s au Maroc\" \/>\n<meta property=\"article:modified_time\" content=\"2021-09-30T21:08:57+00:00\" \/>\n<meta name=\"twitter:card\" content=\"summary_large_image\" \/>\n<meta name=\"twitter:label1\" content=\"Dur\u00e9e de lecture estim\u00e9e\" \/>\n\t<meta name=\"twitter:data1\" content=\"4 minutes\" \/>\n<script type=\"application\/ld+json\" class=\"yoast-schema-graph\">{\"@context\":\"https:\/\/schema.org\",\"@graph\":[{\"@type\":\"WebPage\",\"@id\":\"https:\/\/privatetaxirabat.com\/fr\/general-conditions-of-sales\/\",\"url\":\"https:\/\/privatetaxirabat.com\/fr\/general-conditions-of-sales\/\",\"name\":\"General conditions of sales\",\"isPartOf\":{\"@id\":\"https:\/\/privatetaxirabat.com\/fr\/#website\"},\"datePublished\":\"2021-04-07T22:20:56+00:00\",\"dateModified\":\"2021-09-30T21:08:57+00:00\",\"description\":\"General conditions of sales\",\"breadcrumb\":{\"@id\":\"https:\/\/privatetaxirabat.com\/fr\/general-conditions-of-sales\/#breadcrumb\"},\"inLanguage\":\"fr-FR\",\"potentialAction\":[{\"@type\":\"ReadAction\",\"target\":[\"https:\/\/privatetaxirabat.com\/fr\/general-conditions-of-sales\/\"]}]},{\"@type\":\"BreadcrumbList\",\"@id\":\"https:\/\/privatetaxirabat.com\/fr\/general-conditions-of-sales\/#breadcrumb\",\"itemListElement\":[{\"@type\":\"ListItem\",\"position\":1,\"name\":\"Accueil\",\"item\":\"https:\/\/privatetaxirabat.com\/fr\/\"},{\"@type\":\"ListItem\",\"position\":2,\"name\":\"Conditions g\u00e9n\u00e9rales de vente\"}]},{\"@type\":\"WebSite\",\"@id\":\"https:\/\/privatetaxirabat.com\/fr\/#website\",\"url\":\"https:\/\/privatetaxirabat.com\/fr\/\",\"name\":\"Private Taxi Rabat - Circuits et transports priv\u00e9s au Maroc\",\"description\":\"Professional Services Website\",\"publisher\":{\"@id\":\"https:\/\/privatetaxirabat.com\/fr\/#organization\"},\"potentialAction\":[{\"@type\":\"SearchAction\",\"target\":{\"@type\":\"EntryPoint\",\"urlTemplate\":\"https:\/\/privatetaxirabat.com\/fr\/?s={search_term_string}\"},\"query-input\":{\"@type\":\"PropertyValueSpecification\",\"valueRequired\":true,\"valueName\":\"search_term_string\"}}],\"inLanguage\":\"fr-FR\"},{\"@type\":\"Organization\",\"@id\":\"https:\/\/privatetaxirabat.com\/fr\/#organization\",\"name\":\"Private Taxi Rabat\",\"url\":\"https:\/\/privatetaxirabat.com\/fr\/\",\"logo\":{\"@type\":\"ImageObject\",\"inLanguage\":\"fr-FR\",\"@id\":\"https:\/\/privatetaxirabat.com\/fr\/#\/schema\/logo\/image\/\",\"url\":\"https:\/\/privatetaxirabat.com\/fr\/wp-content\/uploads\/2020\/02\/logo-private-taxi-rabat.png\",\"contentUrl\":\"https:\/\/privatetaxirabat.com\/fr\/wp-content\/uploads\/2020\/02\/logo-private-taxi-rabat.png\",\"width\":1920,\"height\":576,\"caption\":\"Private Taxi Rabat\"},\"image\":{\"@id\":\"https:\/\/privatetaxirabat.com\/fr\/#\/schema\/logo\/image\/\"}}]}<\/script>\n<!-- \/ Yoast SEO plugin. -->","yoast_head_json":{"title":"General conditions of sales","description":"General conditions of sales","robots":{"index":"noindex","follow":"nofollow"},"og_locale":"fr_FR","og_type":"article","og_title":"General conditions of sales","og_description":"General conditions of sales","og_url":"https:\/\/privatetaxirabat.com\/fr\/general-conditions-of-sales\/","og_site_name":"Private Taxi Rabat - Circuits et transports priv\u00e9s au Maroc","article_modified_time":"2021-09-30T21:08:57+00:00","twitter_card":"summary_large_image","twitter_misc":{"Dur\u00e9e de lecture estim\u00e9e":"4 minutes"},"schema":{"@context":"https:\/\/schema.org","@graph":[{"@type":"WebPage","@id":"https:\/\/privatetaxirabat.com\/fr\/general-conditions-of-sales\/","url":"https:\/\/privatetaxirabat.com\/fr\/general-conditions-of-sales\/","name":"General conditions of sales","isPartOf":{"@id":"https:\/\/privatetaxirabat.com\/fr\/#website"},"datePublished":"2021-04-07T22:20:56+00:00","dateModified":"2021-09-30T21:08:57+00:00","description":"General conditions of sales","breadcrumb":{"@id":"https:\/\/privatetaxirabat.com\/fr\/general-conditions-of-sales\/#breadcrumb"},"inLanguage":"fr-FR","potentialAction":[{"@type":"ReadAction","target":["https:\/\/privatetaxirabat.com\/fr\/general-conditions-of-sales\/"]}]},{"@type":"BreadcrumbList","@id":"https:\/\/privatetaxirabat.com\/fr\/general-conditions-of-sales\/#breadcrumb","itemListElement":[{"@type":"ListItem","position":1,"name":"Accueil","item":"https:\/\/privatetaxirabat.com\/fr\/"},{"@type":"ListItem","position":2,"name":"Conditions g\u00e9n\u00e9rales de vente"}]},{"@type":"WebSite","@id":"https:\/\/privatetaxirabat.com\/fr\/#website","url":"https:\/\/privatetaxirabat.com\/fr\/","name":"Private Taxi Rabat - Circuits et transports priv\u00e9s au Maroc","description":"Professional Services Website","publisher":{"@id":"https:\/\/privatetaxirabat.com\/fr\/#organization"},"potentialAction":[{"@type":"SearchAction","target":{"@type":"EntryPoint","urlTemplate":"https:\/\/privatetaxirabat.com\/fr\/?s={search_term_string}"},"query-input":{"@type":"PropertyValueSpecification","valueRequired":true,"valueName":"search_term_string"}}],"inLanguage":"fr-FR"},{"@type":"Organization","@id":"https:\/\/privatetaxirabat.com\/fr\/#organization","name":"Private Taxi Rabat","url":"https:\/\/privatetaxirabat.com\/fr\/","logo":{"@type":"ImageObject","inLanguage":"fr-FR","@id":"https:\/\/privatetaxirabat.com\/fr\/#\/schema\/logo\/image\/","url":"https:\/\/privatetaxirabat.com\/fr\/wp-content\/uploads\/2020\/02\/logo-private-taxi-rabat.png","contentUrl":"https:\/\/privatetaxirabat.com\/fr\/wp-content\/uploads\/2020\/02\/logo-private-taxi-rabat.png","width":1920,"height":576,"caption":"Private Taxi Rabat"},"image":{"@id":"https:\/\/privatetaxirabat.com\/fr\/#\/schema\/logo\/image\/"}}]}},"_links":{"self":[{"href":"https:\/\/privatetaxirabat.com\/fr\/wp-json\/wp\/v2\/pages\/11041","targetHints":{"allow":["GET"]}}],"collection":[{"href":"https:\/\/privatetaxirabat.com\/fr\/wp-json\/wp\/v2\/pages"}],"about":[{"href":"https:\/\/privatetaxirabat.com\/fr\/wp-json\/wp\/v2\/types\/page"}],"author":[{"embeddable":true,"href":"https:\/\/privatetaxirabat.com\/fr\/wp-json\/wp\/v2\/users\/1"}],"replies":[{"embeddable":true,"href":"https:\/\/privatetaxirabat.com\/fr\/wp-json\/wp\/v2\/comments?post=11041"}],"version-history":[{"count":5,"href":"https:\/\/privatetaxirabat.com\/fr\/wp-json\/wp\/v2\/pages\/11041\/revisions"}],"predecessor-version":[{"id":11867,"href":"https:\/\/privatetaxirabat.com\/fr\/wp-json\/wp\/v2\/pages\/11041\/revisions\/11867"}],"wp:attachment":[{"href":"https:\/\/privatetaxirabat.com\/fr\/wp-json\/wp\/v2\/media?parent=11041"}],"curies":[{"name":"wp","href":"https:\/\/api.w.org\/{rel}","templated":true}]}}